{"id":82,"date":"2025-04-14T17:43:44","date_gmt":"2025-04-14T17:43:44","guid":{"rendered":"http:\/\/studirat.de\/?page_id=82"},"modified":"2026-02-07T19:58:48","modified_gmt":"2026-02-07T19:58:48","slug":"finanzen","status":"publish","type":"page","link":"http:\/\/studirat.de\/index.php\/finanzen\/","title":{"rendered":"Finanzen"},"content":{"rendered":"\n<p>Das Referat \u201eFinanzen&#8221; k\u00fcmmert sich um alle finanziellen Aspekte, die den Studierendenrat der Filmuniversit\u00e4t betreffen. Das Referat ist zust\u00e4ndig f\u00fcr die anfallenden Kosten und Rechnungen, wie zum Beispiel Anschaffungen, die \u00fcber den StuRa gemacht werden. Es verf\u00fcgt \u00fcber die Vollmacht des StuRa-Kontos und tr\u00e4gt somit die Verantwortung f\u00fcr s\u00e4mtliche Ein- und Ausg\u00e4nge, immer in Absprache mit dem gesamten Studierendenrat.<br><strong>vertreten durch:<\/strong> Ruben Schmidt und Jona Lieblang<br><strong><a href=\"mailto:finanzen@studirat.de\">finanzen@studirat.de<\/a><\/strong><\/p>\n\n\n\n<h4 class=\"wp-block-heading\">Kostenerstattung<\/h4>\n\n\n\n<p>Du hast Geld f\u00fcr eine studentische Veranstaltung ausgelegt oder dir sind im Rahmen eines Projekts Kosten entstanden? Dann f\u00fclle den <a href=\"http:\/\/studirat.de\/wp-content\/uploads\/2026\/01\/StuRa_Name-Vorname_Forderantrag_Kostenerstattung.pdf\" data-type=\"attachment\" data-id=\"382\">F\u00f6rderantrag f\u00fcr Kostenerstattung<\/a> aus und beantrage eine Kostenerstattung unter <a href=\"mailto:finanzen@studirat.de\">finanzen@studirat.de<\/a>. Sende uns dazu auch deine Belege f\u00fcr die entstandenen Kosten.<\/p>\n\n\n\n<h4 class=\"wp-block-heading\">Projektf\u00f6rderung<\/h4>\n\n\n\n<p>Wenn ihr euer Projekt oder Event von uns f\u00f6rdern lassen wollt, f\u00fcllt bitte den <a href=\"http:\/\/studirat.de\/wp-content\/uploads\/2026\/01\/StuRa_Name-Vorname_Forderantrag_Projektforderung.pdf\" data-type=\"attachment\" data-id=\"384\">F\u00f6rderantrag f\u00fcr Projektf\u00f6rderung<\/a> aus. Zus\u00e4tzlich m\u00fcsst ihr uns mit dem <a href=\"http:\/\/studirat.de\/wp-content\/uploads\/2026\/01\/StuRa_Name-Vorname_Forderantrag_Projektforderung_Detaillierter-Kostenplan.xlsx\" data-type=\"attachment\" data-id=\"383\">Detaillierten Kostenplan<\/a> zeigen, wof\u00fcr genau ihr das Geld ausgeben wollt. Schickt beides bitte an <a href=\"mailto:finanzen@studirat.de\">finanzen@studirat.de<\/a>. Wenn euer Projekt abgeschlossen ist, m\u00fcsst ihr eine <a href=\"http:\/\/studirat.de\/wp-content\/uploads\/2026\/01\/StuRa_Name-Vorname_Forderantrag_Projektforderung_Abrechnung.xlsx\" data-type=\"attachment\" data-id=\"380\">Abrechnungstabelle<\/a> einreichen.<\/p>\n\n\n\n<h3 class=\"wp-block-heading\">Kontaktiere das Referat Finanzen:<\/h3>\n\n\n<style id=\"wpforms-css-vars-208-block-f43d7b02-de9f-4ce7-bce7-81f7ec735db0\">\n\t\t\t\t#wpforms-208.wpforms-block-f43d7b02-de9f-4ce7-bce7-81f7ec735db0 {\n\t\t\t\t--wpforms-field-size-input-height: 43px;\n--wpforms-field-size-input-spacing: 15px;\n--wpforms-field-size-font-size: 16px;\n--wpforms-field-size-line-height: 19px;\n--wpforms-field-size-padding-h: 14px;\n--wpforms-field-size-checkbox-size: 16px;\n--wpforms-field-size-sublabel-spacing: 5px;\n--wpforms-field-size-icon-size: 1;\n--wpforms-label-size-font-size: 16px;\n--wpforms-label-size-line-height: 19px;\n--wpforms-label-size-sublabel-font-size: 14px;\n--wpforms-label-size-sublabel-line-height: 17px;\n--wpforms-button-size-font-size: 17px;\n--wpforms-button-size-height: 41px;\n--wpforms-button-size-padding-h: 15px;\n--wpforms-button-size-margin-top: 10px;\n\t\t\t}\n\t\t\t<\/style><div class=\"wpforms-container wpforms-container-full wpforms-block wpforms-block-f43d7b02-de9f-4ce7-bce7-81f7ec735db0 wpforms-render-modern\" id=\"wpforms-208\"><form id=\"wpforms-form-208\" class=\"wpforms-validate wpforms-form wpforms-ajax-form\" data-formid=\"208\" method=\"post\" enctype=\"multipart\/form-data\" action=\"\/index.php\/wp-json\/wp\/v2\/pages\/82\" data-token=\"15323ec7af6145802eefa7537e9623f9\" data-token-time=\"1777515803\"><noscript class=\"wpforms-error-noscript\">Please enable JavaScript in your browser to complete this form.<\/noscript><div id=\"wpforms-error-noscript\" style=\"display: none;\">Please enable JavaScript in your browser to complete this form.<\/div><div class=\"wpforms-field-container\"><div id=\"wpforms-208-field_1-container\" class=\"wpforms-field wpforms-field-name\" data-field-id=\"1\"><fieldset><legend class=\"wpforms-field-label\">Name <span class=\"wpforms-required-label\" aria-hidden=\"true\">*<\/span><\/legend><div class=\"wpforms-field-row wpforms-field-medium\"><div class=\"wpforms-field-row-block wpforms-first wpforms-one-half\"><input type=\"text\" id=\"wpforms-208-field_1\" class=\"wpforms-field-name-first wpforms-field-required\" name=\"wpforms[fields][1][first]\" aria-errormessage=\"wpforms-208-field_1-error\" required><label for=\"wpforms-208-field_1\" class=\"wpforms-field-sublabel after\">First<\/label><\/div><div class=\"wpforms-field-row-block wpforms-one-half\"><input type=\"text\" id=\"wpforms-208-field_1-last\" class=\"wpforms-field-name-last wpforms-field-required\" name=\"wpforms[fields][1][last]\" aria-errormessage=\"wpforms-208-field_1-last-error\" required><label for=\"wpforms-208-field_1-last\" class=\"wpforms-field-sublabel after\">Last<\/label><\/div><\/div><\/fieldset><\/div><div id=\"wpforms-208-field_2-container\" class=\"wpforms-field wpforms-field-email\" data-field-id=\"2\"><label class=\"wpforms-field-label\" for=\"wpforms-208-field_2\">Email <span class=\"wpforms-required-label\" aria-hidden=\"true\">*<\/span><\/label><input type=\"email\" id=\"wpforms-208-field_2\" class=\"wpforms-field-medium wpforms-field-required\" name=\"wpforms[fields][2]\" spellcheck=\"false\" aria-errormessage=\"wpforms-208-field_2-error\" required><\/div>\t\t<div id=\"wpforms-208-field_4-container\"\n\t\t\tclass=\"wpforms-field wpforms-field-text\"\n\t\t\tdata-field-type=\"text\"\n\t\t\tdata-field-id=\"4\"\n\t\t\t>\n\t\t\t<label class=\"wpforms-field-label\" for=\"wpforms-208-field_4\" >Name Email Nachricht<\/label>\n\t\t\t<input type=\"text\" id=\"wpforms-208-field_4\" class=\"wpforms-field-medium\" name=\"wpforms[fields][4]\" >\n\t\t<\/div>\n\t\t<div id=\"wpforms-208-field_3-container\" class=\"wpforms-field wpforms-field-textarea\" data-field-id=\"3\"><label class=\"wpforms-field-label\" for=\"wpforms-208-field_3\">Nachricht<\/label><textarea id=\"wpforms-208-field_3\" class=\"wpforms-field-medium\" name=\"wpforms[fields][3]\" aria-errormessage=\"wpforms-208-field_3-error\" ><\/textarea><\/div><script>\n\t\t\t\t( function() {\n\t\t\t\t\tconst style = document.createElement( 'style' );\n\t\t\t\t\tstyle.appendChild( document.createTextNode( '#wpforms-208-field_4-container { position: absolute !important; overflow: hidden !important; display: inline !important; height: 1px !important; width: 1px !important; z-index: -1000 !important; padding: 0 !important; } #wpforms-208-field_4-container input { visibility: hidden; } #wpforms-conversational-form-page #wpforms-208-field_4-container label { counter-increment: none; }' ) );\n\t\t\t\t\tdocument.head.appendChild( style );\n\t\t\t\t\tdocument.currentScript?.remove();\n\t\t\t\t} )();\n\t\t\t<\/script><\/div><!-- .wpforms-field-container --><div class=\"wpforms-submit-container\" ><input type=\"hidden\" name=\"wpforms[id]\" value=\"208\"><input type=\"hidden\" name=\"page_title\" value=\"\"><input type=\"hidden\" name=\"page_url\" value=\"http:\/\/studirat.de\/index.php\/wp-json\/wp\/v2\/pages\/82\"><input type=\"hidden\" name=\"url_referer\" value=\"\"><button type=\"submit\" name=\"wpforms[submit]\" id=\"wpforms-submit-208\" class=\"wpforms-submit\" data-alt-text=\"Sending...\" data-submit-text=\"Submit\" aria-live=\"assertive\" value=\"wpforms-submit\">Submit<\/button><img loading=\"lazy\" decoding=\"async\" src=\"http:\/\/studirat.de\/wp-content\/plugins\/wpforms-lite\/assets\/images\/submit-spin.svg\" class=\"wpforms-submit-spinner\" style=\"display: none;\" width=\"26\" height=\"26\" alt=\"Loading\"><\/div><\/form><\/div>  <!-- .wpforms-container -->","protected":false},"excerpt":{"rendered":"<p>Das Referat \u201eFinanzen&#8221; k\u00fcmmert sich um alle finanziellen Aspekte, die den Studierendenrat der Filmuniversit\u00e4t betreffen. Das Referat ist zust\u00e4ndig f\u00fcr [&hellip;]<\/p>\n","protected":false},"author":1,"featured_media":0,"parent":0,"menu_order":0,"comment_status":"closed","ping_status":"closed","template":"","meta":{"site-sidebar-layout":"default","site-content-layout":"","ast-site-content-layout":"default","site-content-style":"default","site-sidebar-style":"default","ast-global-header-display":"","ast-banner-title-visibility":"","ast-main-header-display":"","ast-hfb-above-header-display":"","ast-hfb-below-header-display":"","ast-hfb-mobile-header-display":"","site-post-title":"","ast-breadcrumbs-content":"","ast-featured-img":"","footer-sml-layout":"","ast-disable-related-posts":"","theme-transparent-header-meta":"","adv-header-id-meta":"","stick-header-meta":"","header-above-stick-meta":"","header-main-stick-meta":"","header-below-stick-meta":"","astra-migrate-meta-layouts":"default","ast-page-background-enabled":"default","ast-page-background-meta":{"desktop":{"background-color":"var(--ast-global-color-5)","background-image":"","background-repeat":"repeat","background-position":"center center","background-size":"auto","background-attachment":"scroll","background-type":"","background-media":"","overlay-type":"","overlay-color":"","overlay-opacity":"","overlay-gradient":""},"tablet":{"background-color":"","background-image":"","background-repeat":"repeat","background-position":"center center","background-size":"auto","background-attachment":"scroll","background-type":"","background-media":"","overlay-type":"","overlay-color":"","overlay-opacity":"","overlay-gradient":""},"mobile":{"background-color":"","background-image":"","background-repeat":"repeat","background-position":"center center","background-size":"auto","background-attachment":"scroll","background-type":"","background-media":"","overlay-type":"","overlay-color":"","overlay-opacity":"","overlay-gradient":""}},"ast-content-background-meta":{"desktop":{"background-color":"var(--ast-global-color-4)","background-image":"","background-repeat":"repeat","background-position":"center center","background-size":"auto","background-attachment":"scroll","background-type":"","background-media":"","overlay-type":"","overlay-color":"","overlay-opacity":"","overlay-gradient":""},"tablet":{"background-color":"var(--ast-global-color-4)","background-image":"","background-repeat":"repeat","background-position":"center center","background-size":"auto","background-attachment":"scroll","background-type":"","background-media":"","overlay-type":"","overlay-color":"","overlay-opacity":"","overlay-gradient":""},"mobile":{"background-color":"var(--ast-global-color-4)","background-image":"","background-repeat":"repeat","background-position":"center center","background-size":"auto","background-attachment":"scroll","background-type":"","background-media":"","overlay-type":"","overlay-color":"","overlay-opacity":"","overlay-gradient":""}},"footnotes":""},"class_list":["post-82","page","type-page","status-publish","hentry"],"_links":{"self":[{"href":"http:\/\/studirat.de\/index.php\/wp-json\/wp\/v2\/pages\/82","targetHints":{"allow":["GET"]}}],"collection":[{"href":"http:\/\/studirat.de\/index.php\/wp-json\/wp\/v2\/pages"}],"about":[{"href":"http:\/\/studirat.de\/index.php\/wp-json\/wp\/v2\/types\/page"}],"author":[{"embeddable":true,"href":"http:\/\/studirat.de\/index.php\/wp-json\/wp\/v2\/users\/1"}],"replies":[{"embeddable":true,"href":"http:\/\/studirat.de\/index.php\/wp-json\/wp\/v2\/comments?post=82"}],"version-history":[{"count":13,"href":"http:\/\/studirat.de\/index.php\/wp-json\/wp\/v2\/pages\/82\/revisions"}],"predecessor-version":[{"id":431,"href":"http:\/\/studirat.de\/index.php\/wp-json\/wp\/v2\/pages\/82\/revisions\/431"}],"wp:attachment":[{"href":"http:\/\/studirat.de\/index.php\/wp-json\/wp\/v2\/media?parent=82"}],"curies":[{"name":"wp","href":"https:\/\/api.w.org\/{rel}","templated":true}]}}