{"id":292,"date":"2025-07-07T18:34:37","date_gmt":"2025-07-07T18:34:37","guid":{"rendered":"http:\/\/studirat.de\/?page_id=292"},"modified":"2025-12-08T11:37:54","modified_gmt":"2025-12-08T11:37:54","slug":"mobilitat","status":"publish","type":"page","link":"http:\/\/studirat.de\/index.php\/mobilitat\/","title":{"rendered":"Mobilit\u00e4t"},"content":{"rendered":"\n<p>Der Studierendenrat k\u00fcmmert sich im Auftrag der Studierendenschaft um die Verwaltung des Deutschlandsemestertickets (DST) und weitere Mobilit\u00e4tsangebote.<br><strong>vertreten durch: <\/strong>Nikolas Hoose<br><strong><a href=\"mailto:mobilitaet@studirat.de\">mobilitaet@studirat.de<\/a><\/strong><\/p>\n\n\n\n<h2 class=\"wp-block-heading\">Deutschlandsemesterticket<\/h2>\n\n\n\n<p>Seit dem Sommersemester 2024 steht allen Studierenden das bundesweit geltende Deutschlandsemesterticket (DST) als digitales Ticket (verpflichtend) zur Verf\u00fcgung. Die Campuscard \/ der Studierendenausweis gilt nicht mehr als Fahrausweis.<\/p>\n\n\n\n<h4 class=\"wp-block-heading\">Abruf und Aktualisierung des Tickets<\/h4>\n\n\n\n<p>Das DST wird in Partnerschaft&nbsp;mit der VBB durch das Campus Portal der Ride Ticketing App zur Verf\u00fcgung gestellt. Unter&nbsp;<a href=\"https:\/\/abo.ride-ticketing.de\/app\/login?partnerId=e27964b657291a5b03e8e56347ed8fe2\" data-type=\"link\" data-id=\"https:\/\/abo.ride-ticketing.de\/app\/login?partnerId=e27964b657291a5b03e8e56347ed8fe2\">diesem Link<\/a>, kann das Ticket aufgerufen und in einem digitalen Wallet gespeichert werden.<\/p>\n\n\n\n<div class=\"wp-block-media-text is-stacked-on-mobile\" style=\"grid-template-columns:32% auto\"><figure class=\"wp-block-media-text__media\"><img loading=\"lazy\" decoding=\"async\" width=\"360\" height=\"360\" src=\"http:\/\/studirat.de\/wp-content\/uploads\/2025\/07\/qr-code-1.png\" alt=\"\" class=\"wp-image-294 size-full\" srcset=\"http:\/\/studirat.de\/wp-content\/uploads\/2025\/07\/qr-code-1.png 360w, http:\/\/studirat.de\/wp-content\/uploads\/2025\/07\/qr-code-1-300x300.png 300w, http:\/\/studirat.de\/wp-content\/uploads\/2025\/07\/qr-code-1-150x150.png 150w\" sizes=\"auto, (max-width: 360px) 100vw, 360px\" \/><\/figure><div class=\"wp-block-media-text__content\">\n<ol class=\"wp-block-list\">\n<li>Link zum Ticket \/ Campus-Portal aufrufen (siehe oben)<\/li>\n\n\n\n<li>Authentifizierung durch SSO (Single-Sign-On mit den Anmeldedaten der Filmuniversit\u00e4t)<\/li>\n\n\n\n<li>Zustimmung zur Daten\u00fcbermittlung (einmalig)<\/li>\n\n\n\n<li>Deutschlandsemesterticket anklicken und bei Kontrolle vorzeigen<\/li>\n\n\n\n<li>Deutschlandsemesterticket kann als Wallet- oder Webticket verwendet werden<\/li>\n<\/ol>\n<\/div><\/div>\n\n\n\n<p>Im Portal ist jeweils nach R\u00fcckmeldung das Ticket f\u00fcr das Folgesemester sichtbar sowie ab Semesterbeginn aufrufbar. Wurde das Ticket in einer Wallet App gespeichert, so aktualisiert es sich bei Semesterwechsel normalerweise automatisch im Laufe eines Tages. Zwischenzeitlich kann das Ticket bei einer Kontrolle auch direkt im Campus Portal \/ der Website vorgezeigt werden.<br>Mehr Informationen zur G\u00fcltigkeit des DST findet ihr&nbsp;<a href=\"https:\/\/www.vbb.de\/tickets\/sondertickets\/semesterticket-zusatzticket\/\">hier<\/a>&nbsp;sowie auf der&nbsp;<a href=\"https:\/\/www.filmuniversitaet.de\/studium\/studienorganisation\/deutschlandsemesterticket\">Website der Filmuni<\/a>.<\/p>\n\n\n\n<h4 class=\"wp-block-heading\">Preis<\/h4>\n\n\n\n<p>Der Preis des Deutschlandsemestertickets (DST) betr\u00e4gt seit dem Wintersemester 25\/26&nbsp;<strong>208,80\u20ac pro<\/strong> <strong>Semester<\/strong>&nbsp;und wird bei der R\u00fcckmeldung erhoben. Das liegt an der festen Koppelung an den Preis des regul\u00e4ren Deutschlandtickets (60%), welches Anfang des Jahres von 49\u20ac\/Monat auf 58\u20ac\/Monat gestiegen ist. Der Koalitionsvertrag der neuen Regierung sieht vor, dass der Preis des Deutschlandtickets bis 2029 nicht weiter steigen soll, damit w\u00fcrde auch der Preis des DST stabil bleiben.<\/p>\n\n\n\n<p>Wir wissen, dass dies eine zus\u00e4tzliche Belastung f\u00fcr Studierende in zum Teil finanziell eh schon herausfordernden Zeiten ist. Der Sozialfond des Stu\u2019Ra kann bei finanziellen Engp\u00e4ssen nach Antrag und Pr\u00fcfung den Preis des Semestertickets zur\u00fcckerstatten, sowie zinsfreie Darlehen vergeben. N\u00e4heres dazu unter&nbsp;<a href=\"http:\/\/studirat.de\/index.php\/soziales\/\" data-type=\"page\" data-id=\"79\">Soziales \u2013 Studierendenrat Filmuniversit\u00e4t Babelsberg KONRAD WOLF<\/a><\/p>\n\n\n\n<h2 class=\"wp-block-heading\">Nextbike<\/h2>\n\n\n\n<p>Seit einigen Jahren besteht ein Kooperationsvertrag mit der Firma Nextbike, die es Studierenden der Filmuni erm\u00f6glich im Rahmen eines Abo-Modells t\u00e4glich f\u00fcr eine begrenze Zeit kostenlos mit Fahrr\u00e4der des Unternehmens in Potsdam und Berlin zu fahren. Das Angebot wird mit durchschnittlich 30 Fahrten pro Student:in und Semester sehr rege genutzt.<\/p>\n\n\n\n<h4 class=\"wp-block-heading\">Konditionen<\/h4>\n\n\n\n<p>Ab Wintersemester 25\/26 greift ein neuer Kooperationsvertrag, den die Studierendenschaft&nbsp;in der Vollversammlung am 20.05.25 mit deutlicher Mehrheit angenommen hat. Zu einem Preis von 3,57\u20ac Brutto pro Student:in und Semester (eingezogen mit den Semestergeb\u00fchren) gelten ab dem Wintersemester 25\/26 folgende Konditionen:<\/p>\n\n\n\n<ul class=\"wp-block-list\">\n<li>180 Freiminuten pro Tag in Berlin und Potsdam, danach Standardtarif<\/li>\n\n\n\n<li>60 neue R\u00e4der f\u00fcr diePotsdamer Nextbike-Flotte<\/li>\n\n\n\n<li>Erh\u00f6hte Servicefrequenz an wichtigen Stationen (3 statt 2mal \/ Woche)<\/li>\n<\/ul>\n\n\n\n<p>Die neuen Konditionen sorgen zum einen f\u00fcr komfortablere Freiminuten in Berlin (180 Min\/Tag statt 30 Min\/Fahrt) und zum anderen f\u00fcr mehr R\u00e4der an den f\u00fcr uns wichtigen Stationen.<\/p>\n\n\n\n<h4 class=\"wp-block-heading\">Aktivierung<\/h4>\n\n\n\n<p>F\u00fcr eine Aktivierung des Angebots m\u00fcsst ihr euch in der Nextbike App mit euer Filmuni-Mail registrieren. Solltet ihr bereits ein Konto haben, k\u00f6nnt ihr eure Email-Adresse zu der Filmuni-Email-Adresse \u00e4ndern.<\/p>\n\n\n\n<p>Mehr Informationen zu den geltenden Konditionen und der Aktivierung findet ihr auf der&nbsp;<a href=\"https:\/\/www.nextbike.de\/potsdam\/de\/campusbike\/\">CAMPUSbike Website von Nextbike<\/a>.<\/p>\n\n\n\n<p><\/p>\n","protected":false},"excerpt":{"rendered":"<p>Der Studierendenrat k\u00fcmmert sich im Auftrag der Studierendenschaft um die Verwaltung des Deutschlandsemestertickets (DST) und weitere Mobilit\u00e4tsangebote.vertreten durch: Nikolas Hoosemobilitaet@studirat.de [&hellip;]<\/p>\n","protected":false},"author":1,"featured_media":0,"parent":0,"menu_order":0,"comment_status":"closed","ping_status":"closed","template":"","meta":{"site-sidebar-layout":"default","site-content-layout":"","ast-site-content-layout":"default","site-content-style":"default","site-sidebar-style":"default","ast-global-header-display":"","ast-banner-title-visibility":"","ast-main-header-display":"","ast-hfb-above-header-display":"","ast-hfb-below-header-display":"","ast-hfb-mobile-header-display":"","site-post-title":"","ast-breadcrumbs-content":"","ast-featured-img":"","footer-sml-layout":"","ast-disable-related-posts":"","theme-transparent-header-meta":"","adv-header-id-meta":"","stick-header-meta":"","header-above-stick-meta":"","header-main-stick-meta":"","header-below-stick-meta":"","astra-migrate-meta-layouts":"default","ast-page-background-enabled":"default","ast-page-background-meta":{"desktop":{"background-color":"var(--ast-global-color-5)","background-image":"","background-repeat":"repeat","background-position":"center center","background-size":"auto","background-attachment":"scroll","background-type":"","background-media":"","overlay-type":"","overlay-color":"","overlay-opacity":"","overlay-gradient":""},"tablet":{"background-color":"","background-image":"","background-repeat":"repeat","background-position":"center center","background-size":"auto","background-attachment":"scroll","background-type":"","background-media":"","overlay-type":"","overlay-color":"","overlay-opacity":"","overlay-gradient":""},"mobile":{"background-color":"","background-image":"","background-repeat":"repeat","background-position":"center center","background-size":"auto","background-attachment":"scroll","background-type":"","background-media":"","overlay-type":"","overlay-color":"","overlay-opacity":"","overlay-gradient":""}},"ast-content-background-meta":{"desktop":{"background-color":"var(--ast-global-color-4)","background-image":"","background-repeat":"repeat","background-position":"center center","background-size":"auto","background-attachment":"scroll","background-type":"","background-media":"","overlay-type":"","overlay-color":"","overlay-opacity":"","overlay-gradient":""},"tablet":{"background-color":"var(--ast-global-color-4)","background-image":"","background-repeat":"repeat","background-position":"center center","background-size":"auto","background-attachment":"scroll","background-type":"","background-media":"","overlay-type":"","overlay-color":"","overlay-opacity":"","overlay-gradient":""},"mobile":{"background-color":"var(--ast-global-color-4)","background-image":"","background-repeat":"repeat","background-position":"center center","background-size":"auto","background-attachment":"scroll","background-type":"","background-media":"","overlay-type":"","overlay-color":"","overlay-opacity":"","overlay-gradient":""}},"footnotes":""},"class_list":["post-292","page","type-page","status-publish","hentry"],"_links":{"self":[{"href":"http:\/\/studirat.de\/index.php\/wp-json\/wp\/v2\/pages\/292","targetHints":{"allow":["GET"]}}],"collection":[{"href":"http:\/\/studirat.de\/index.php\/wp-json\/wp\/v2\/pages"}],"about":[{"href":"http:\/\/studirat.de\/index.php\/wp-json\/wp\/v2\/types\/page"}],"author":[{"embeddable":true,"href":"http:\/\/studirat.de\/index.php\/wp-json\/wp\/v2\/users\/1"}],"replies":[{"embeddable":true,"href":"http:\/\/studirat.de\/index.php\/wp-json\/wp\/v2\/comments?post=292"}],"version-history":[{"count":4,"href":"http:\/\/studirat.de\/index.php\/wp-json\/wp\/v2\/pages\/292\/revisions"}],"predecessor-version":[{"id":354,"href":"http:\/\/studirat.de\/index.php\/wp-json\/wp\/v2\/pages\/292\/revisions\/354"}],"wp:attachment":[{"href":"http:\/\/studirat.de\/index.php\/wp-json\/wp\/v2\/media?parent=292"}],"curies":[{"name":"wp","href":"https:\/\/api.w.org\/{rel}","templated":true}]}}